{"id":6727,"date":"2021-01-11T22:29:51","date_gmt":"2021-01-11T22:29:51","guid":{"rendered":"https:\/\/www.lifesaversfoundation.org\/liderazgo\/"},"modified":"2025-03-31T14:40:41","modified_gmt":"2025-03-31T14:40:41","slug":"liderazgo","status":"publish","type":"page","link":"https:\/\/www.lifesaversfoundation.org\/es\/liderazgo\/","title":{"rendered":"Liderazgo"},"content":{"rendered":"<p>[et_pb_section fb_built=\u00bb1&#8243; _builder_version=\u00bb4.16&#8243; _module_preset=\u00bbdefault\u00bb global_colors_info=\u00bb{}\u00bb][et_pb_row _builder_version=\u00bb4.16&#8243; _module_preset=\u00bbdefault\u00bb custom_margin=\u00bb-37px|auto||auto||\u00bb global_colors_info=\u00bb{}\u00bb][et_pb_column type=\u00bb4_4&#8243; _builder_version=\u00bb4.16&#8243; _module_preset=\u00bbdefault\u00bb global_colors_info=\u00bb{}\u00bb][et_pb_text admin_label=\u00bbvideo embed code\u00bb _builder_version=\u00bb4.24.3&#8243; _module_preset=\u00bbdefault\u00bb global_colors_info=\u00bb{}\u00bb]<\/p>\n<p><iframe loading=\"lazy\" width=\"1045\" height=\"588\" src=\"https:\/\/www.youtube.com\/embed\/xSuObkMBMSw\" title=\"Salvar la vida de mujeres y ni\u00f1os de Dallas en crisis - Lifesavers Foundation\" frameborder=\"0\" allow=\"accelerometer; autoplay; clipboard-write; encrypted-media; gyroscope; picture-in-picture; web-share\" referrerpolicy=\"strict-origin-when-cross-origin\" allowfullscreen=\"\"><\/iframe><\/p>\n<p>[\/et_pb_text][\/et_pb_column][\/et_pb_row][et_pb_row _builder_version=\u00bb4.27.0&#8243; _module_preset=\u00bbdefault\u00bb global_colors_info=\u00bb{}\u00bb][et_pb_column type=\u00bb4_4&#8243; _builder_version=\u00bb4.16&#8243; _module_preset=\u00bbdefault\u00bb global_colors_info=\u00bb{}\u00bb][et_pb_button button_url=\u00bbhttps:\/\/www.lifesaversfoundation.org\/es\/liderazgo\/\u00bb button_text=\u00bbIn English\u00bb admin_label=\u00bbEn espa\u00f1ol\u00bb _builder_version=\u00bb4.26.0&#8243; _module_preset=\u00bbdefault\u00bb custom_button=\u00bbon\u00bb button_text_size=\u00bb12px\u00bb button_text_color=\u00bb#FFFFFF\u00bb button_bg_color=\u00bb#777777&#8243; button_border_width=\u00bb0px\u00bb button_border_radius=\u00bb0px\u00bb button_letter_spacing=\u00bb2px\u00bb button_font=\u00bbABeeZee|700||on|||||\u00bb button_icon=\u00bb&#x35;||divi||400&#8243; button_icon_color=\u00bb#FFFFFF\u00bb background_layout=\u00bbdark\u00bb custom_padding=\u00bb20px|93px|20px|93px|true|true\u00bb global_colors_info=\u00bb{}\u00bb][\/et_pb_button][et_pb_text admin_label=\u00bb text\u00bb _builder_version=\u00bb4.27.0&#8243; _module_preset=\u00bbdefault\u00bb text_font=\u00bbABeeZee||||||||\u00bb text_text_color=\u00bb#161515&#8243; custom_margin=\u00bb-22px||||false|false\u00bb global_colors_info=\u00bb{}\u00bb]<\/p>\n<p>M\u00e1s informaci\u00f3n sobre <a href=\"https:\/\/www.lifesaversfoundation.org\/es\/clinica-medica-gratuita\/\">The Doctor Spot<\/a><br \/>M\u00e1s informaci\u00f3n sobre <a href=\"https:\/\/www.lifesaversfoundation.org\/es\/tienda-de-segunda-mano-de-reventa-de-lujo\/\">Upscale Resale<\/a><br \/>M\u00e1s informaci\u00f3n sobre <a href=\"https:\/\/www.lifesaversfoundation.org\/board-members\/\">los miembros de la Junta Directiva<\/a><\/p>\n<p>[\/et_pb_text][\/et_pb_column][\/et_pb_row][et_pb_row column_structure=\u00bb1_4,1_4,1_4,1_4&#8243; _builder_version=\u00bb4.21.0&#8243; _module_preset=\u00bbdefault\u00bb global_colors_info=\u00bb{}\u00bb][et_pb_column type=\u00bb1_4&#8243; _builder_version=\u00bb4.21.0&#8243; _module_preset=\u00bbdefault\u00bb global_colors_info=\u00bb{}\u00bb][et_pb_team_member name=\u00bbBonnie Lang\u00bb position=\u00bbEnlace de Comunicaci\u00f3n\u00bb image_url=\u00bbhttps:\/\/www.lifesaversfoundation.org\/wp-content\/uploads\/2021\/08\/400&#215;600.jpg\u00bb admin_label=\u00bbBonnie Lang\u00bb _builder_version=\u00bb4.21.0&#8243; _module_preset=\u00bbdefault\u00bb global_colors_info=\u00bb{}\u00bb][\/et_pb_team_member][\/et_pb_column][et_pb_column type=\u00bb1_4&#8243; _builder_version=\u00bb4.21.0&#8243; _module_preset=\u00bbdefault\u00bb global_colors_info=\u00bb{}\u00bb][et_pb_team_member name=\u00bbSaunde O&apos;Kelley\u00bb position=\u00bbAdministrador de la Fundaci\u00f3n\u00bb image_url=\u00bbhttps:\/\/www.lifesaversfoundation.org\/wp-content\/uploads\/2025\/03\/Saunde-OKelley-headshot-v2.jpg\u00bb admin_label=\u00bbSaunde O&#8217;Kelley\u00bb _builder_version=\u00bb4.27.4&#8243; _module_preset=\u00bbdefault\u00bb global_colors_info=\u00bb{}\u00bb][\/et_pb_team_member][\/et_pb_column][et_pb_column type=\u00bb1_4&#8243; _builder_version=\u00bb4.21.0&#8243; _module_preset=\u00bbdefault\u00bb global_colors_info=\u00bb{}\u00bb][et_pb_team_member name=\u00bbDelaine Sneed\u00bb position=\u00bbGerente de tienda de reventa de lujo\u00bb image_url=\u00bbhttps:\/\/www.lifesaversfoundation.org\/wp-content\/uploads\/2021\/08\/Delaine-Sneed-headshot-April-2021.jpg\u00bb admin_label=\u00bbDelaine Sneed\u00bb _builder_version=\u00bb4.21.0&#8243; _module_preset=\u00bbdefault\u00bb global_colors_info=\u00bb{}\u00bb][\/et_pb_team_member][\/et_pb_column][et_pb_column type=\u00bb1_4&#8243; _builder_version=\u00bb4.21.0&#8243; _module_preset=\u00bbdefault\u00bb global_colors_info=\u00bb{}\u00bb][et_pb_team_member name=\u00bbJack Spencer\u00bb position=\u00bbDirector de Instalaciones de LSF\u00bb image_url=\u00bbhttps:\/\/www.lifesaversfoundation.org\/wp-content\/uploads\/2023\/05\/Jack-Spencer-headshot.jpg\u00bb admin_label=\u00bbJack Spencer\u00bb _builder_version=\u00bb4.21.0&#8243; _module_preset=\u00bbdefault\u00bb global_colors_info=\u00bb{}\u00bb][\/et_pb_team_member][\/et_pb_column][\/et_pb_row][\/et_pb_section][et_pb_section fb_built=\u00bb1&#8243; admin_label=\u00bbFooter Section\u00bb _builder_version=\u00bb4.25.1&#8243; _module_preset=\u00bbdefault\u00bb background_color=\u00bb#222222&#8243; custom_padding=\u00bb||16px|||\u00bb global_module=\u00bb5108&#8243; collapsed=\u00bboff\u00bb global_colors_info=\u00bb{}\u00bb][et_pb_row _builder_version=\u00bb4.23.1&#8243; _module_preset=\u00bbdefault\u00bb custom_margin=\u00bb-27px|auto||auto||\u00bb global_colors_info=\u00bb{}\u00bb][et_pb_column type=\u00bb4_4&#8243; _builder_version=\u00bb4.23.1&#8243; _module_preset=\u00bbdefault\u00bb global_colors_info=\u00bb{}\u00bb][et_pb_text _builder_version=\u00bb4.27.2&#8243; _module_preset=\u00bbdefault\u00bb global_colors_info=\u00bb{}\u00bb]<\/p>\n<p><a href=\"https:\/\/www.lifesaversfoundation.org\/privacy-policy\/\">Pol\u00edtica de privacidad<\/a><br \/><a href=\"https:\/\/www.lifesaversfoundation.org\/wp-content\/uploads\/2024\/07\/Terms-and-Conditions-for-SMS-Mobile-Marketing-7-1-24.pdf\" target=\"_blank\" rel=\"noopener\">T\u00e9rminos y condiciones &#8211; SMS M\u00f3vil<\/a><\/p>\n<p>[\/et_pb_text][\/et_pb_column][\/et_pb_row][\/et_pb_section]<\/p>\n","protected":false},"excerpt":{"rendered":"<p>M\u00e1s informaci\u00f3n sobre The Doctor SpotM\u00e1s informaci\u00f3n sobre Upscale ResaleM\u00e1s informaci\u00f3n sobre los miembros de la Junta DirectivaPol\u00edtica de privacidadT\u00e9rminos y condiciones &#8211; SMS M\u00f3vil<\/p>\n","protected":false},"author":1,"featured_media":0,"parent":0,"menu_order":0,"comment_status":"closed","ping_status":"closed","template":"","meta":{"_et_pb_use_builder":"on","_et_pb_old_content":"","_et_gb_content_width":"","footnotes":""},"class_list":["post-6727","page","type-page","status-publish","hentry"],"_links":{"self":[{"href":"https:\/\/www.lifesaversfoundation.org\/es\/wp-json\/wp\/v2\/pages\/6727","targetHints":{"allow":["GET"]}}],"collection":[{"href":"https:\/\/www.lifesaversfoundation.org\/es\/wp-json\/wp\/v2\/pages"}],"about":[{"href":"https:\/\/www.lifesaversfoundation.org\/es\/wp-json\/wp\/v2\/types\/page"}],"author":[{"embeddable":true,"href":"https:\/\/www.lifesaversfoundation.org\/es\/wp-json\/wp\/v2\/users\/1"}],"replies":[{"embeddable":true,"href":"https:\/\/www.lifesaversfoundation.org\/es\/wp-json\/wp\/v2\/comments?post=6727"}],"version-history":[{"count":5,"href":"https:\/\/www.lifesaversfoundation.org\/es\/wp-json\/wp\/v2\/pages\/6727\/revisions"}],"predecessor-version":[{"id":7500,"href":"https:\/\/www.lifesaversfoundation.org\/es\/wp-json\/wp\/v2\/pages\/6727\/revisions\/7500"}],"wp:attachment":[{"href":"https:\/\/www.lifesaversfoundation.org\/es\/wp-json\/wp\/v2\/media?parent=6727"}],"curies":[{"name":"wp","href":"https:\/\/api.w.org\/{rel}","templated":true}]}}