{"id":6574,"date":"2024-04-09T14:06:47","date_gmt":"2024-04-09T14:06:47","guid":{"rendered":"https:\/\/www.lifesaversfoundation.org\/ponte-en-contacto-con\/"},"modified":"2025-09-12T15:38:44","modified_gmt":"2025-09-12T15:38:44","slug":"ponte-en-contacto-con","status":"publish","type":"page","link":"https:\/\/www.lifesaversfoundation.org\/es\/ponte-en-contacto-con\/","title":{"rendered":"Ponte en contacto con"},"content":{"rendered":"<p>[et_pb_section fb_built=\u00bb1&#8243; next_background_color=\u00bb#ffffff\u00bb disabled_on=\u00bbon|off|off\u00bb admin_label=\u00bbHero Section non mobile\u00bb _builder_version=\u00bb4.24.3&#8243; background_color_gradient_direction=\u00bb131deg\u00bb background_image=\u00bbhttps:\/\/www.lifesaversfoundation.org\/wp-content\/uploads\/2024\/04\/hero-pale-green-background-1500&#215;825-1.jpg\u00bb custom_margin=\u00bb||-13px|||\u00bb custom_padding=\u00bb39px|0px|12px|0px||\u00bb bottom_divider_style=\u00bbcurve\u00bb animation_style=\u00bbslide\u00bb animation_direction=\u00bbtop\u00bb animation_intensity_slide=\u00bb2%\u00bb animation_starting_opacity=\u00bb100%\u00bb global_colors_info=\u00bb{}\u00bb][et_pb_row column_structure=\u00bb3_5,2_5&#8243; _builder_version=\u00bb4.24.3&#8243; background_size=\u00bbinitial\u00bb background_position=\u00bbtop_left\u00bb background_repeat=\u00bbrepeat\u00bb width=\u00bb68%\u00bb max_width=\u00bb1049px\u00bb module_alignment=\u00bbcenter\u00bb custom_padding=\u00bb||54px||false|false\u00bb custom_width_px=\u00bb1440px\u00bb global_colors_info=\u00bb{}\u00bb][et_pb_column type=\u00bb3_5&#8243; _builder_version=\u00bb4.16&#8243; custom_padding=\u00bb|||\u00bb global_colors_info=\u00bb{}\u00bb custom_padding__hover=\u00bb|||\u00bb][et_pb_text admin_label=\u00bbSERVICE THOSE IN NEED Text\u00bb _builder_version=\u00bb4.24.3&#8243; header_font=\u00bbEB Garamond||||||||\u00bb header_text_color=\u00bb#161515&#8243; header_font_size=\u00bb43px\u00bb header_line_height=\u00bb1.1em\u00bb background_size=\u00bbinitial\u00bb background_position=\u00bbtop_left\u00bb background_repeat=\u00bbrepeat\u00bb custom_margin=\u00bb|-100px|20px|||\u00bb locked=\u00bboff\u00bb global_colors_info=\u00bb{}\u00bb]<\/p>\n<h1>Sirviendo a los necesitados a trav\u00e9s de:<\/h1>\n<p>[\/et_pb_text][et_pb_text admin_label=\u00bbthree ministry Text\u00bb _builder_version=\u00bb4.24.3&#8243; text_font=\u00bbPoppins||||||||\u00bb text_text_color=\u00bbrgba(255,255,255,0.8)\u00bb text_font_size=\u00bb18px\u00bb text_line_height=\u00bb1.8em\u00bb header_2_font=\u00bbABeeZee||||||||\u00bb header_2_text_color=\u00bb#161515&#8243; header_2_font_size=\u00bb32px\u00bb background_size=\u00bbinitial\u00bb background_position=\u00bbtop_left\u00bb background_repeat=\u00bbrepeat\u00bb locked=\u00bboff\u00bb global_colors_info=\u00bb{}\u00bb]<\/p>\n<h2>El Doctor Spot<\/h2>\n<h2>Reventa de lujo<\/h2>\n<h2>Unidad m\u00f3vil de ecograf\u00eda<\/h2>\n<p>[\/et_pb_text][et_pb_button button_url=\u00bbhttps:\/\/form-renderer-app.donorperfect.io\/give\/lifesaversfoundation\u00bb url_new_window=\u00bbon\u00bb button_text=\u00bbDONAR\u00bb button_alignment=\u00bbleft\u00bb admin_label=\u00bbDONATE BUTTON\u00bb _builder_version=\u00bb4.24.3&#8243; _module_preset=\u00bbdefault\u00bb custom_button=\u00bbon\u00bb button_text_size=\u00bb12px\u00bb button_text_color=\u00bb#FFFFFF\u00bb button_bg_color=\u00bb#777777&#8243; button_border_width=\u00bb0px\u00bb button_border_radius=\u00bb0px\u00bb button_letter_spacing=\u00bb2px\u00bb button_font=\u00bbABeeZee|700||on|||||\u00bb button_icon=\u00bb&#x35;||divi||400&#8243; button_icon_color=\u00bb#FFFFFF\u00bb background_layout=\u00bbdark\u00bb custom_padding=\u00bb20px|102px|20px|102px|true|true\u00bb global_colors_info=\u00bb{}\u00bb][\/et_pb_button][et_pb_button button_url=\u00bbhttps:\/\/maps.google.com\/maps?cid=8945363580343077719&amp;_ga=2.156705147.1922940556.1623258191-513488994.1622144511&#8243; url_new_window=\u00bbon\u00bb button_text=\u00bbMAPA DE LA REVENTA DE LUJO\u00bb button_alignment=\u00bbleft\u00bb admin_label=\u00bbMAP BUTTON\u00bb _builder_version=\u00bb4.24.3&#8243; _module_preset=\u00bbdefault\u00bb custom_button=\u00bbon\u00bb button_text_size=\u00bb12px\u00bb button_text_color=\u00bb#FFFFFF\u00bb button_bg_color=\u00bb#777777&#8243; button_border_width=\u00bb0px\u00bb button_border_radius=\u00bb0px\u00bb button_letter_spacing=\u00bb2px\u00bb button_font=\u00bbABeeZee|700||on|||||\u00bb button_icon=\u00bb&#x35;||divi||400&#8243; button_icon_color=\u00bb#FFFFFF\u00bb background_layout=\u00bbdark\u00bb custom_padding=\u00bb20px|40px|20px|40px|true|true\u00bb global_colors_info=\u00bb{}\u00bb][\/et_pb_button][et_pb_button button_url=\u00bb\/wp-content\/uploads\/2025\/09\/The-Doctor-Spot-Sept-2025-Calendar-v2.pdf\u00bb url_new_window=\u00bbon\u00bb button_text=\u00bbEL HORARIO DEL M\u00c9DICO SPOT\u00bb button_alignment=\u00bbleft\u00bb admin_label=\u00bbtds SCHEDULE\u00bb _builder_version=\u00bb4.27.4&#8243; _module_preset=\u00bbdefault\u00bb custom_button=\u00bbon\u00bb button_text_size=\u00bb12px\u00bb button_text_color=\u00bb#FFFFFF\u00bb button_bg_color=\u00bb#777777&#8243; button_border_width=\u00bb0px\u00bb button_border_radius=\u00bb0px\u00bb button_letter_spacing=\u00bb2px\u00bb button_font=\u00bbABeeZee|700||on|||||\u00bb button_icon=\u00bb&#x35;||divi||400&#8243; button_icon_color=\u00bb#FFFFFF\u00bb background_layout=\u00bbdark\u00bb custom_padding=\u00bb20px|25px|20px|25px|true|true\u00bb hover_enabled=\u00bb0&#8243; global_colors_info=\u00bb{}\u00bb sticky_enabled=\u00bb0&#8243;][\/et_pb_button][et_pb_button button_url=\u00bbhttps:\/\/www.lifesaversfoundation.org\/es\/recursos-sobre-el-embarazo\/\u00bb button_text=\u00bbRECURSOS PARA EL EMBARAZO\u00bb button_alignment=\u00bbleft\u00bb admin_label=\u00bbpregnancy resources button\u00bb _builder_version=\u00bb4.24.3&#8243; _module_preset=\u00bbdefault\u00bb custom_button=\u00bbon\u00bb button_text_size=\u00bb12px\u00bb button_text_color=\u00bb#FFFFFF\u00bb button_bg_color=\u00bb#777777&#8243; button_border_width=\u00bb0px\u00bb button_border_radius=\u00bb0px\u00bb button_letter_spacing=\u00bb2px\u00bb button_font=\u00bbABeeZee|700||on|||||\u00bb button_icon=\u00bb&#x35;||divi||400&#8243; button_icon_color=\u00bb#FFFFFF\u00bb background_layout=\u00bbdark\u00bb custom_padding=\u00bb20px|44px|20px|44px|true|true\u00bb global_colors_info=\u00bb{}\u00bb][\/et_pb_button][\/et_pb_column][et_pb_column type=\u00bb2_5&#8243; _builder_version=\u00bb4.16&#8243; custom_padding=\u00bb|||\u00bb global_colors_info=\u00bb{}\u00bb custom_padding__hover=\u00bb|||\u00bb][et_pb_image src=\u00bbhttps:\/\/www.lifesaversfoundation.org\/wp-content\/uploads\/2024\/03\/teen-girl-patient-being-examined-at-free-pediatric-clinic-circular.png\u00bb alt=\u00bbpaciente adolescente siendo examinada en una cl\u00ednica pedi\u00e1trica gratuita\u00bb title_text=\u00bbpaciente adolescente siendo examinada en una cl\u00ednica pedi\u00e1trica gratuita circular\u00bb admin_label=\u00bbthrift store picture\u00bb _builder_version=\u00bb4.24.3&#8243; _module_preset=\u00bbdefault\u00bb max_width=\u00bb68%\u00bb custom_margin=\u00bb8px|-18px||57px||\u00bb global_colors_info=\u00bb{}\u00bb][\/et_pb_image][et_pb_image src=\u00bbhttps:\/\/www.lifesaversfoundation.org\/wp-content\/uploads\/2023\/10\/Mobile-Sonogram-unit-circular.png\u00bb alt=\u00bbUnidad m\u00f3vil de ecograf\u00eda\u00bb title_text=\u00bbUnidad m\u00f3vil de ecograf\u00eda circular\u00bb admin_label=\u00bbmedical assistant with child patient\u00bb _builder_version=\u00bb4.24.3&#8243; _module_preset=\u00bbdefault\u00bb max_width=\u00bb66%\u00bb custom_margin=\u00bb8px|-18px||57px|false|false\u00bb global_colors_info=\u00bb{}\u00bb][\/et_pb_image][\/et_pb_column][\/et_pb_row][\/et_pb_section][et_pb_section fb_built=\u00bb1&#8243; _builder_version=\u00bb4.16&#8243; _module_preset=\u00bbdefault\u00bb custom_margin=\u00bb46px|||||\u00bb custom_padding=\u00bb||3px|||\u00bb global_colors_info=\u00bb{}\u00bb][et_pb_row _builder_version=\u00bb4.24.3&#8243; _module_preset=\u00bbdefault\u00bb max_width=\u00bb1042px\u00bb custom_margin=\u00bb-54px||||false|false\u00bb global_colors_info=\u00bb{}\u00bb][et_pb_column type=\u00bb4_4&#8243; _builder_version=\u00bb4.16&#8243; _module_preset=\u00bbdefault\u00bb global_colors_info=\u00bb{}\u00bb][et_pb_text module_id=\u00bbphone\u00bb _builder_version=\u00bb4.27.4&#8243; _module_preset=\u00bbdefault\u00bb text_font=\u00bbABeeZee||||||||\u00bb text_text_color=\u00bb#161515&#8243; header_2_font_size=\u00bb30px\u00bb hover_enabled=\u00bb0&#8243; global_colors_info=\u00bb{}\u00bb sticky_enabled=\u00bb0&#8243;]<\/p>\n<p><strong>Nuestra tienda de segunda mano en Richardson, TX:<br \/><\/strong><br \/> 561 W. Campbell<br \/>Suite 101<br \/>Richardson, TX 75080<br \/><a href=\"tel:12097%20972%00\" target=\"_blank\" rel=\"noopener noreferrer\">972-669-9000<\/a><\/p>\n<p><b>HORARIO<\/b><br \/>De lunes a s\u00e1bado de 11.00 a 18.00 h.<br \/>Si est\u00e1s interesado en donar muebles grandes, ll\u00e1manos al <a href=\"tel:12097%20972%00\" target=\"_blank\" rel=\"noopener noreferrer\">972-669-9000 para programar una hora de recogida a tu conveniencia.<br \/>Si est\u00e1s interesado en ser voluntario en nuestra tienda, llama al 972-669-9000<\/a>.<\/p>\n<p>[\/et_pb_text][\/et_pb_column][\/et_pb_row][\/et_pb_section][et_pb_section fb_built=\u00bb1&#8243; admin_label=\u00bbLocation section\u00bb _builder_version=\u00bb4.24.0&#8243; _module_preset=\u00bbdefault\u00bb background_color=\u00bb#f4f7fa\u00bb background_enable_image=\u00bboff\u00bb background_position=\u00bbtop_center\u00bb custom_padding=\u00bb7vw||7vw||true|false\u00bb locked=\u00bboff\u00bb global_colors_info=\u00bb{}\u00bb][et_pb_row _builder_version=\u00bb4.24.0&#8243; _module_preset=\u00bbdefault\u00bb custom_margin=\u00bb-42px|auto||auto||\u00bb global_colors_info=\u00bb{}\u00bb][et_pb_column type=\u00bb4_4&#8243; _builder_version=\u00bb4.24.0&#8243; _module_preset=\u00bbdefault\u00bb global_colors_info=\u00bb{}\u00bb][et_pb_text _builder_version=\u00bb4.24.0&#8243; _module_preset=\u00bbdefault\u00bb header_2_font=\u00bbEB Garamond||||||||\u00bb header_2_text_align=\u00bbcenter\u00bb header_2_text_color=\u00bb#161515&#8243; header_2_font_size=\u00bb40px\u00bb header_2_line_height=\u00bb1.3em\u00bb header_2_font_size_tablet=\u00bb34px\u00bb header_2_font_size_phone=\u00bb22px\u00bb header_2_font_size_last_edited=\u00bbon|desktop\u00bb locked=\u00bboff\u00bb global_colors_info=\u00bb{}\u00bb header_2_2_font_size_tablet=\u00bb34px\u00bb header_3_2_font_size_tablet=\u00bb34px\u00bb header_4_2_font_size_tablet=\u00bb34px\u00bb header_5_2_font_size_tablet=\u00bb34px\u00bb header_6_2_font_size_tablet=\u00bb34px\u00bb header_2_2_font_size_phone=\u00bb22px\u00bb header_3_2_font_size_phone=\u00bb22px\u00bb header_4_2_font_size_phone=\u00bb22px\u00bb header_5_2_font_size_phone=\u00bb22px\u00bb header_6_2_font_size_phone=\u00bb22px\u00bb header_2_2_font_size_last_edited=\u00bbon|phone\u00bb header_3_2_font_size_last_edited=\u00bbon|phone\u00bb header_4_2_font_size_last_edited=\u00bbon|phone\u00bb header_5_2_font_size_last_edited=\u00bbon|phone\u00bb header_6_2_font_size_last_edited=\u00bbon|phone\u00bb]<\/p>\n<h2>Mantente en contacto con nosotros<\/h2>\n<p>[\/et_pb_text][et_pb_divider color=\u00bb#F1BABF\u00bb divider_weight=\u00bb4px\u00bb _builder_version=\u00bb4.22.2&#8243; _module_preset=\u00bbdefault\u00bb width=\u00bb24%\u00bb module_alignment=\u00bbcenter\u00bb custom_margin=\u00bb-19px||||false|false\u00bb animation_style=\u00bbslide\u00bb animation_direction=\u00bbleft\u00bb locked=\u00bboff\u00bb global_colors_info=\u00bb{}\u00bb][\/et_pb_divider][\/et_pb_column][\/et_pb_row][et_pb_row column_structure=\u00bb1_2,1_2&#8243; admin_label=\u00bbformulario web &#8211; mapa &#8211; fila de ubicaci\u00f3n\u00bb _builder_version=\u00bb4.27.2&#8243; _module_preset=\u00bbdefault\u00bb width=\u00bb85%\u00bb max_width=\u00bb1198px\u00bb module_alignment=\u00bbcenter\u00bb global_module=\u00bb5954&#8243; saved_tabs=\u00bball\u00bb collapsed=\u00bboff\u00bb global_colors_info=\u00bb{}\u00bb][et_pb_column type=\u00bb1_2&#8243; _builder_version=\u00bb4.25.0&#8243; _module_preset=\u00bbdefault\u00bb custom_padding=\u00bb|35px|||false|false\u00bb global_colors_info=\u00bb{}\u00bb][et_pb_text admin_label=\u00bblocation map short code\u00bb _builder_version=\u00bb4.27.4&#8243; _module_preset=\u00bbdefault\u00bb global_colors_info=\u00bb{}\u00bb]<\/p>\n<p>[wpgmza id=\u00bb1&#8243;]<\/p>\n<p>[\/et_pb_text][\/et_pb_column][et_pb_column type=\u00bb1_2&#8243; _builder_version=\u00bb4.25.0&#8243; _module_preset=\u00bbdefault\u00bb background_color=\u00bb#003057&#8243; transform_scale_tablet=\u00bb\u00bb transform_scale_phone=\u00bb\u00bb transform_scale_last_edited=\u00bbon|desktop\u00bb transform_translate=\u00bb-90px|0px\u00bb transform_translate_tablet=\u00bb0px|0px\u00bb transform_translate_phone=\u00bb\u00bb transform_translate_last_edited=\u00bbon|phone\u00bb transform_translate_linked=\u00bboff\u00bb transform_rotate_tablet=\u00bb\u00bb transform_rotate_phone=\u00bb\u00bb transform_rotate_last_edited=\u00bbon|desktop\u00bb transform_skew_tablet=\u00bb\u00bb transform_skew_phone=\u00bb\u00bb transform_skew_last_edited=\u00bbon|desktop\u00bb transform_origin_tablet=\u00bb\u00bb transform_origin_phone=\u00bb\u00bb transform_origin_last_edited=\u00bbon|desktop\u00bb transform_styles_last_edited=\u00bbon|phone\u00bb custom_padding=\u00bb34px|34px|34px|34px|true|false\u00bb custom_padding_tablet=\u00bb30px|30px|30px|30px|true|true\u00bb custom_padding_phone=\u00bb|20px||20px|true|true\u00bb custom_padding_last_edited=\u00bbon|desktop\u00bb transform_styles_tablet=\u00bb\u00bb transform_styles_phone=\u00bb\u00bb global_colors_info=\u00bb{}\u00bb][et_pb_blurb title=\u00bbOFICINA DE LA FUNDACI\u00d3N\u00bb use_icon=\u00bbon\u00bb font_icon=\u00bb&#xe01d;||divi||400&#8243; icon_color=\u00bb#ffffff\u00bb image_icon_background_color=\u00bb#003057&#8243; icon_placement=\u00bbleft\u00bb image_icon_width=\u00bb30px\u00bb admin_label=\u00bbFoundation address blurb\u00bb _builder_version=\u00bb4.27.2&#8243; _module_preset=\u00bbdefault\u00bb header_font=\u00bbABeeZee|||on|||||\u00bb header_text_color=\u00bb#6c7087&#8243; header_font_size=\u00bb12px\u00bb header_letter_spacing=\u00bb1px\u00bb body_font=\u00bbEB Garamond||||||||\u00bb body_text_color=\u00bb#001e42&#8243; body_font_size=\u00bb20px\u00bb background_color=\u00bb#ffffff\u00bb image_icon_custom_padding=\u00bb8px|8px|8px|8px|false|false\u00bb custom_margin=\u00bb|||10px|false|false\u00bb custom_padding=\u00bb20px|20px|20px|20px|true|true\u00bb body_font_size_tablet=\u00bb\u00bb body_font_size_phone=\u00bb14px\u00bb body_font_size_last_edited=\u00bbon|phone\u00bb border_radii_image=\u00bbon|100%|100%|100%|100%\u00bb icon_font_size=\u00bb30px\u00bb use_circle=\u00bbon\u00bb circle_color=\u00bb#001e42&#8243; global_colors_info=\u00bb{}\u00bb image_icon_background_color__sticky_enabled=\u00bb#7a7b7f\u00bb image_icon_background_color__sticky=\u00bb#7a7b7f\u00bb]561 W. Campbell<br \/>Suite 101<br \/>Richardson, TX 75080<\/p>\n<p> L-V 8 AM &#8211; 5 PM<br \/><a href=\"tel:12097%20972%00\" target=\"_blank\" rel=\"noopener\">(972) 669-9000<\/a>[\/et_pb_blurb][et_pb_blurb title=\u00bbLA CL\u00cdNICA DOCTOR SPOT EN Ivcc\u00bb use_icon=\u00bbon\u00bb font_icon=\u00bb&#xe01d;||divi||400&#8243; icon_color=\u00bb#ffffff\u00bb image_icon_background_color=\u00bb#003057&#8243; icon_placement=\u00bbleft\u00bb image_icon_width=\u00bb30px\u00bb admin_label=\u00bbTDS Address blurb\u00bb _builder_version=\u00bb4.27.2&#8243; _module_preset=\u00bbdefault\u00bb header_font=\u00bbABeeZee|||on|||||\u00bb header_text_color=\u00bb#6c7087&#8243; header_font_size=\u00bb12px\u00bb header_letter_spacing=\u00bb1px\u00bb body_font=\u00bbEB Garamond||||||||\u00bb body_text_color=\u00bb#001e42&#8243; body_font_size=\u00bb20px\u00bb background_color=\u00bb#ffffff\u00bb image_icon_custom_padding=\u00bb8px|8px|8px|8px|false|false\u00bb custom_margin=\u00bb|||10px|false|false\u00bb custom_padding=\u00bb20px|20px|20px|20px|true|true\u00bb body_font_size_tablet=\u00bb\u00bb body_font_size_phone=\u00bb14px\u00bb body_font_size_last_edited=\u00bbon|phone\u00bb border_radii_image=\u00bbon|100%|100%|100%|100%\u00bb icon_font_size=\u00bb30px\u00bb use_circle=\u00bbon\u00bb circle_color=\u00bb#001e42&#8243; global_colors_info=\u00bb{}\u00bb image_icon_background_color__sticky_enabled=\u00bb#7a7b7f\u00bb image_icon_background_color__sticky=\u00bb#7a7b7f\u00bb]2019 N Masters Dr<br \/>Dallas, TX 75217<\/p>\n<p> L-V 7 AM &#8211; Aforo<br \/><a href=\"tel:12097%20972%00\" target=\"_blank\" rel=\"noopener\">(972) 669-9000<\/a>[\/et_pb_blurb][et_pb_blurb title=\u00bbReventa de lujo\u00bb use_icon=\u00bbon\u00bb font_icon=\u00bb&#xe01d;||divi||400&#8243; icon_color=\u00bb#ffffff\u00bb image_icon_background_color=\u00bb#003057&#8243; icon_placement=\u00bbleft\u00bb image_icon_width=\u00bb30px\u00bb admin_label=\u00bbUR Address blurb\u00bb _builder_version=\u00bb4.27.2&#8243; _module_preset=\u00bbdefault\u00bb header_font=\u00bbABeeZee|||on|||||\u00bb header_text_color=\u00bb#6c7087&#8243; header_font_size=\u00bb12px\u00bb header_letter_spacing=\u00bb1px\u00bb body_font=\u00bbEB Garamond||||||||\u00bb body_text_color=\u00bb#001e42&#8243; body_font_size=\u00bb20px\u00bb background_color=\u00bb#ffffff\u00bb image_icon_custom_padding=\u00bb8px|8px|8px|8px|false|false\u00bb custom_margin=\u00bb|||10px|false|false\u00bb custom_padding=\u00bb20px|20px|20px|20px|true|true\u00bb body_font_size_tablet=\u00bb\u00bb body_font_size_phone=\u00bb14px\u00bb body_font_size_last_edited=\u00bbon|phone\u00bb border_radii_image=\u00bbon|100%|100%|100%|100%\u00bb icon_font_size=\u00bb30px\u00bb use_circle=\u00bbon\u00bb circle_color=\u00bb#001e42&#8243; global_colors_info=\u00bb{}\u00bb image_icon_background_color__sticky_enabled=\u00bb#7a7b7f\u00bb image_icon_background_color__sticky=\u00bb#7a7b7f\u00bb]561 W. Campbell<br \/>Suite 101<br \/>Richardson, TX 75080<\/p>\n<p> M-Sa 11 AM &#8211; 6 PM<br \/><a href=\"tel:12097%20972%00\" target=\"_blank\" rel=\"noopener\">(972) 669-9000<\/a>[\/et_pb_blurb][\/et_pb_column][\/et_pb_row][\/et_pb_section][et_pb_section fb_built=\u00bb1&#8243; admin_label=\u00bbFooter Section\u00bb _builder_version=\u00bb4.25.1&#8243; _module_preset=\u00bbdefault\u00bb background_color=\u00bb#222222&#8243; custom_padding=\u00bb||16px|||\u00bb global_module=\u00bb5108&#8243; collapsed=\u00bboff\u00bb global_colors_info=\u00bb{}\u00bb][et_pb_row _builder_version=\u00bb4.23.1&#8243; _module_preset=\u00bbdefault\u00bb custom_margin=\u00bb-27px|auto||auto||\u00bb global_colors_info=\u00bb{}\u00bb][et_pb_column type=\u00bb4_4&#8243; _builder_version=\u00bb4.23.1&#8243; _module_preset=\u00bbdefault\u00bb global_colors_info=\u00bb{}\u00bb][et_pb_text _builder_version=\u00bb4.27.2&#8243; _module_preset=\u00bbdefault\u00bb global_colors_info=\u00bb{}\u00bb]<\/p>\n<p><a href=\"https:\/\/www.lifesaversfoundation.org\/privacy-policy\/\">Pol\u00edtica de privacidad<\/a><br \/><a href=\"https:\/\/www.lifesaversfoundation.org\/wp-content\/uploads\/2024\/07\/Terms-and-Conditions-for-SMS-Mobile-Marketing-7-1-24.pdf\" target=\"_blank\" rel=\"noopener\">T\u00e9rminos y condiciones &#8211; SMS M\u00f3vil<\/a><\/p>\n<p>[\/et_pb_text][\/et_pb_column][\/et_pb_row][\/et_pb_section]<\/p>\n","protected":false},"excerpt":{"rendered":"<p>Sirviendo a los necesitados a trav\u00e9s de:El Doctor Spot Reventa de lujo Unidad m\u00f3vil de ecograf\u00edaNuestra tienda de segunda mano en Richardson, TX: 561 W. CampbellSuite 101Richardson, TX 75080972-669-9000 HORARIODe lunes a s\u00e1bado de 11.00 a 18.00 h.Si est\u00e1s interesado en donar muebles grandes, ll\u00e1manos al 972-669-9000 para programar una hora de recogida a tu [&hellip;]<\/p>\n","protected":false},"author":1,"featured_media":0,"parent":0,"menu_order":0,"comment_status":"closed","ping_status":"closed","template":"","meta":{"_et_pb_use_builder":"on","_et_pb_old_content":"","_et_gb_content_width":"","footnotes":""},"class_list":["post-6574","page","type-page","status-publish","hentry"],"_links":{"self":[{"href":"https:\/\/www.lifesaversfoundation.org\/es\/wp-json\/wp\/v2\/pages\/6574","targetHints":{"allow":["GET"]}}],"collection":[{"href":"https:\/\/www.lifesaversfoundation.org\/es\/wp-json\/wp\/v2\/pages"}],"about":[{"href":"https:\/\/www.lifesaversfoundation.org\/es\/wp-json\/wp\/v2\/types\/page"}],"author":[{"embeddable":true,"href":"https:\/\/www.lifesaversfoundation.org\/es\/wp-json\/wp\/v2\/users\/1"}],"replies":[{"embeddable":true,"href":"https:\/\/www.lifesaversfoundation.org\/es\/wp-json\/wp\/v2\/comments?post=6574"}],"version-history":[{"count":5,"href":"https:\/\/www.lifesaversfoundation.org\/es\/wp-json\/wp\/v2\/pages\/6574\/revisions"}],"predecessor-version":[{"id":7944,"href":"https:\/\/www.lifesaversfoundation.org\/es\/wp-json\/wp\/v2\/pages\/6574\/revisions\/7944"}],"wp:attachment":[{"href":"https:\/\/www.lifesaversfoundation.org\/es\/wp-json\/wp\/v2\/media?parent=6574"}],"curies":[{"name":"wp","href":"https:\/\/api.w.org\/{rel}","templated":true}]}}